{"id":2067,"date":"2014-04-24T16:45:45","date_gmt":"2014-04-24T14:45:45","guid":{"rendered":"http:\/\/toensberg.sawah.mobi\/?page_id=2029"},"modified":"2019-08-30T06:10:08","modified_gmt":"2019-08-30T04:10:08","slug":"die-gps-erlebnisregion-2","status":"publish","type":"page","link":"https:\/\/hardehausen.sawah.mobi\/?page_id=2067","title":{"rendered":"GPS-Erlebnisregion"},"content":{"rendered":"<p>Der Naturpark Teutoburger Wald \/ Eggegebirge ist eine Region voller Natursch\u00e4tze. Diese k\u00f6nnen Besucher bei ihren Ausfl\u00fcgen und Wanderungen durch die Mittelgebirgslandschaft auf eine innovative Art erleben: Auf <a href=\"https:\/\/interaktive-erlebnispfade.de\/\">GPS-Erlebnispfaden<\/a> bekommen wir einen vertiefenden, medial begleiteten Einblick in die Geheimnisse unserer Natur- und Kulturlandschaft.<\/p>\n<p>Bei Schlangen entdecken wir im \u201eKleinen Bruch\u201c die Vielfalt am Rande der Sennelandschaft. Das Augustdorfer \u201eD\u00fcnenfeld\u201c dagegen zeigt einen Teil der naturr\u00e4umlich besonders interessanten Sennelandschaft. Bei Oerlinghausen erkunden wir die geologischen Besonderheiten des Teutoburger Waldes, w\u00e4hrend wir auf der Paderborner Hochfl\u00e4che sehen, wie die Verkarstung das Bild einer Landschaft gestaltet. Die Paderquellen in der Paderborner Innenstadt sind ein Ergebnis der Verkarstung. In Bad Meinberg durchstreifen wir ein Moor und erfahren, wie es heute als Heilmittel genutzt wird. Bei Bad Driburg liegen zwei Erlebnispfade: Im Kurort wandeln wir auf den Spuren der gr\u00e4flichen Familie von Sierstorpff, und an der Iburg erkunden wir die Waldwelten des Eggegebirges. In Ossendorf erwarten uns interessante Geschichten rund um den Heinberg und in der Osterr\u00e4derstadt L\u00fcgde gibt es so manche Sage zu erleben.<\/p>\n<p>Schlie\u00dflich bieten f\u00fcnf KlimaErlebnisRouten einen Einblick in die Wechselwirkungen zwischen Mensch, Natur und Klima: In Hiddesen erfahren wir, warum der Schutz von Mooren auch Klimaschutz bedeutet. In Veldrom und im Lippspringer Wald erleben wir die Natur im Grenzbereich zweier Klimazonen. Und bei Hardehausen und Dalheim erkunden wir die Waldlandschaften im Umkreis zweier Kl\u00f6ster und wandern auf den Spuren der Waldgeschichte(n).<\/p>\n<p>Wir laden Sie herzlich ein, alle diese Sch\u00e4tze des Naturparks Teutoburger Wald \/ Eggegebirge mit uns zu erkunden und zu erleben!<\/p>\n","protected":false},"excerpt":{"rendered":"<p>Der Naturpark Teutoburger Wald \/ Eggegebirge ist eine Region voller Natursch\u00e4tze. Diese k\u00f6nnen Besucher bei ihren Ausfl\u00fcgen und Wanderungen durch die Mittelgebirgslandschaft auf eine innovative Art erleben: Auf GPS-Erlebnispfaden bekommen wir einen vertiefenden, medial begleiteten Einblick in die Geheimnisse unserer Natur- und Kulturlandschaft. Bei Schlangen entdecken wir im \u201eKleinen Bruch\u201c die Vielfalt am Rande der &hellip; <\/p>\n<p class=\"link-more\"><a href=\"https:\/\/hardehausen.sawah.mobi\/?page_id=2067\" class=\"more-link\"><span class=\"screen-reader-text\">\u201eGPS-Erlebnisregion\u201c<\/span> weiterlesen<\/a><\/p>\n","protected":false},"author":1,"featured_media":0,"parent":0,"menu_order":0,"comment_status":"open","ping_status":"closed","template":"","meta":{"footnotes":""},"_links":{"self":[{"href":"https:\/\/hardehausen.sawah.mobi\/index.php?rest_route=\/wp\/v2\/pages\/2067"}],"collection":[{"href":"https:\/\/hardehausen.sawah.mobi\/index.php?rest_route=\/wp\/v2\/pages"}],"about":[{"href":"https:\/\/hardehausen.sawah.mobi\/index.php?rest_route=\/wp\/v2\/types\/page"}],"author":[{"embeddable":true,"href":"https:\/\/hardehausen.sawah.mobi\/index.php?rest_route=\/wp\/v2\/users\/1"}],"replies":[{"embeddable":true,"href":"https:\/\/hardehausen.sawah.mobi\/index.php?rest_route=%2Fwp%2Fv2%2Fcomments&post=2067"}],"version-history":[{"count":2,"href":"https:\/\/hardehausen.sawah.mobi\/index.php?rest_route=\/wp\/v2\/pages\/2067\/revisions"}],"predecessor-version":[{"id":2280,"href":"https:\/\/hardehausen.sawah.mobi\/index.php?rest_route=\/wp\/v2\/pages\/2067\/revisions\/2280"}],"wp:attachment":[{"href":"https:\/\/hardehausen.sawah.mobi\/index.php?rest_route=%2Fwp%2Fv2%2Fmedia&parent=2067"}],"curies":[{"name":"wp","href":"https:\/\/api.w.org\/{rel}","templated":true}]}}