{"id":2160,"date":"2014-07-08T17:34:32","date_gmt":"2014-07-08T15:34:32","guid":{"rendered":"https:\/\/hardehausen.sawah.mobi\/?page_id=2160"},"modified":"2024-07-03T12:29:45","modified_gmt":"2024-07-03T10:29:45","slug":"alles-spricht-fuer-mehr-laub","status":"publish","type":"page","link":"https:\/\/hardehausen.sawah.mobi\/?page_id=2160","title":{"rendered":"Erlebnispunkt 5: Alles spricht f\u00fcr mehr Laub"},"content":{"rendered":"<p><\/p>\n<p style=\"color: #666666;\">Auch auf der Fl\u00e4che, vor der Sie nun stehen, hat der Orkan Kyrill vom Jahr 2007\u00a0seine Spuren hinterlassen. Rechtlich besteht f\u00fcr alle Waldbesitzer, also gleicherma\u00dfen f\u00fcr Staat und private Waldbesitzer, eine gesetzliche Verpflichtung zur Aufforstung von Kahlfl\u00e4chen. Allerdings ist die Wiederbewaldung einer Kahlfl\u00e4che eine schwierige und kostenintensive Aufgabe.<\/p>\n<p style=\"color: #666666;\">\n<p style=\"color: #666666;\">Bei der Aufforstung bzw. Wiederbewaldung von Kahlfl\u00e4chen ist die Auswahl der Baumarten eine der wichtigsten und verantwortungsvollsten forstlichen T\u00e4tigkeiten. Die Sturmsch\u00e4den haben gezeigt, dass insbesondere die nicht-standortgerechten Fichtenbest\u00e4nde zu instabil sind. Die nahezu \u00fcberall im s\u00fcdlichen Teutoburger Wald und in der Egge nat\u00fcrlicherweise vorkommende Buche war demgegen\u00fcber fast nicht vom Windwurf betroffen. Ziel der F\u00f6rster ist es daher, auf den Kahlfl\u00e4chen naturn\u00e4here Best\u00e4nde mit deutlich h\u00f6heren Laubbaumanteilen zu entwickeln. Diese\u00a0m\u00fcssen nicht nur im heutigen Klima stabil sein, sondern auch den k\u00fcnftigen Ver\u00e4nderungen zum Beispiel trockenerer und niederschlags\u00e4rmerer Sommer standhalten k\u00f6nnen.<\/p>\n<p style=\"color: #666666;\">Eine M\u00f6glichkeit zur\u00a0fl\u00e4chenhaften Aufforstung von Kahlfl\u00e4chen ist das\u00a0Zulassen der nat\u00fcrlichen Sukzession. Das bedeutet man l\u00e4sst die Natur wachsen und ihren selbst\u00e4ndigen Lauf nehmen. Ab einem gewissen Punkt versuchen dann die F\u00f6rster und Waldbauern die weitere Bestandsentwicklung zu lenken.\u00a0Es wird dabei\u00a0in Kauf genommen, dass sich\u00a0zun\u00e4chst ein Mischwald entwickelt, der dann in der Folgezeit schrittweise zum reinen Laubwald umgebaut werden kann.<\/p>\n<p style=\"color: #666666;\">Eine andere M\u00f6glichkeit sehen Sie auf der Fl\u00e4che vor sich. Hier wurde in kleinen so genannten Trupps aufgeforstet. Sie setzen sich aus unterschiedlichen Laubbaumarten wie Buche und Eiche zusammen.\u00a0Buchen sind\u00a0auf der\u00a0Freifl\u00e4che frostempfindlich und werden von Rehwild leicht verbissen. Ihre Aufwuchschancen unter dem Schirm eines aufgelichteten Fichtenwaldes und in Trupps\u00a0sind deutlich h\u00f6her.<\/p>\n<p><\/p>","protected":false},"excerpt":{"rendered":"<p>Auch auf der Fl\u00e4che, vor der Sie nun stehen, hat der Orkan Kyrill vom Jahr 2007\u00a0seine Spuren hinterlassen. Rechtlich besteht f\u00fcr alle Waldbesitzer, also gleicherma\u00dfen f\u00fcr Staat und private Waldbesitzer, eine gesetzliche Verpflichtung zur Aufforstung von Kahlfl\u00e4chen. Allerdings ist die Wiederbewaldung einer Kahlfl\u00e4che eine schwierige und kostenintensive Aufgabe. Bei der Aufforstung bzw. Wiederbewaldung von Kahlfl\u00e4chen &hellip; <\/p>\n<p class=\"link-more\"><a href=\"https:\/\/hardehausen.sawah.mobi\/?page_id=2160\" class=\"more-link\"><span class=\"screen-reader-text\">\u201eErlebnispunkt 5: Alles spricht f\u00fcr mehr Laub\u201c<\/span> weiterlesen<\/a><\/p>\n","protected":false},"author":1,"featured_media":2301,"parent":0,"menu_order":0,"comment_status":"open","ping_status":"open","template":"","meta":{"footnotes":""},"_links":{"self":[{"href":"https:\/\/hardehausen.sawah.mobi\/index.php?rest_route=\/wp\/v2\/pages\/2160"}],"collection":[{"href":"https:\/\/hardehausen.sawah.mobi\/index.php?rest_route=\/wp\/v2\/pages"}],"about":[{"href":"https:\/\/hardehausen.sawah.mobi\/index.php?rest_route=\/wp\/v2\/types\/page"}],"author":[{"embeddable":true,"href":"https:\/\/hardehausen.sawah.mobi\/index.php?rest_route=\/wp\/v2\/users\/1"}],"replies":[{"embeddable":true,"href":"https:\/\/hardehausen.sawah.mobi\/index.php?rest_route=%2Fwp%2Fv2%2Fcomments&post=2160"}],"version-history":[{"count":5,"href":"https:\/\/hardehausen.sawah.mobi\/index.php?rest_route=\/wp\/v2\/pages\/2160\/revisions"}],"predecessor-version":[{"id":2302,"href":"https:\/\/hardehausen.sawah.mobi\/index.php?rest_route=\/wp\/v2\/pages\/2160\/revisions\/2302"}],"wp:featuredmedia":[{"embeddable":true,"href":"https:\/\/hardehausen.sawah.mobi\/index.php?rest_route=\/wp\/v2\/media\/2301"}],"wp:attachment":[{"href":"https:\/\/hardehausen.sawah.mobi\/index.php?rest_route=%2Fwp%2Fv2%2Fmedia&parent=2160"}],"curies":[{"name":"wp","href":"https:\/\/api.w.org\/{rel}","templated":true}]}}